{"id":74,"date":"2025-02-06T14:59:07","date_gmt":"2025-02-06T13:59:07","guid":{"rendered":"http:\/\/localhost\/reware\/gazerzekelo.hu\/home\/"},"modified":"2025-03-07T14:06:50","modified_gmt":"2025-03-07T13:06:50","slug":"home","status":"publish","type":"page","link":"https:\/\/gazerzekelo.hu\/en\/","title":{"rendered":"Home"},"content":{"rendered":"\n<h2 class=\"wp-block-heading\">WELCOME!<\/h2>\n\n\n\n<p><a href=\"https:\/\/muszerautomatika.hu\/en\" target=\"_blank\" rel=\"noreferrer noopener\">M\u0171szer Automatika Ltd.<\/a> has been developing, manufacturing, installing and servicing gas and solvent vapour detectors for more than 40 years. Our devices perform life and property protection tasks in enclosed and open spaces where the presence of explosive or harmful vapours and gases can cause explosion or poisoning hazards.<\/p>\n","protected":false},"excerpt":{"rendered":"<p>WELCOME! M\u0171szer Automatika Ltd. has been developing, manufacturing, installing and servicing gas and solvent vapour detectors for more than 40 years. Our devices perform life and property protection tasks in enclosed and open spaces where the presence of explosive or harmful vapours and gases can cause explosion or poisoning hazards.<\/p>\n","protected":false},"author":1,"featured_media":467,"parent":0,"menu_order":0,"comment_status":"closed","ping_status":"closed","template":"","meta":{"_acf_changed":false,"footnotes":""},"class_list":["post-74","page","type-page","status-publish","has-post-thumbnail","hentry"],"acf":[],"yoast_head":"<!-- This site is optimized with the Yoast SEO plugin v27.3 - https:\/\/yoast.com\/product\/yoast-seo-wordpress\/ -->\n<title>Home - G\u00e1z\u00e9rz\u00e9kel\u0151.hu<\/title>\n<meta name=\"robots\" content=\"index, follow, max-snippet:-1, max-image-preview:large, max-video-preview:-1\" \/>\n<link rel=\"canonical\" href=\"https:\/\/gazerzekelo.rewaresoft.hu\/en\/\" \/>\n<meta property=\"og:locale\" content=\"en_US\" \/>\n<meta property=\"og:type\" content=\"article\" \/>\n<meta property=\"og:title\" content=\"Home - G\u00e1z\u00e9rz\u00e9kel\u0151.hu\" \/>\n<meta property=\"og:description\" content=\"WELCOME! M\u0171szer Automatika Ltd. has been developing, manufacturing, installing and servicing gas and solvent vapour detectors for more than 40 years. Our devices perform life and property protection tasks in enclosed and open spaces where the presence of explosive or harmful vapours and gases can cause explosion or poisoning hazards.\" \/>\n<meta property=\"og:url\" content=\"https:\/\/gazerzekelo.rewaresoft.hu\/en\/\" \/>\n<meta property=\"og:site_name\" content=\"G\u00e1z\u00e9rz\u00e9kel\u0151.hu\" \/>\n<meta property=\"article:publisher\" content=\"https:\/\/www.facebook.com\/muszerautomatika\/?locale=hu_HU\" \/>\n<meta property=\"article:modified_time\" content=\"2025-03-07T13:06:50+00:00\" \/>\n<meta property=\"og:image\" content=\"https:\/\/gazerzekelo.rewaresoft.hu\/wp-content\/uploads\/fooldal_hero.webp\" \/>\n\t<meta property=\"og:image:width\" content=\"1500\" \/>\n\t<meta property=\"og:image:height\" content=\"643\" \/>\n\t<meta property=\"og:image:type\" content=\"image\/webp\" \/>\n<meta name=\"twitter:card\" content=\"summary_large_image\" \/>\n<meta name=\"twitter:label1\" content=\"Est. reading time\" \/>\n\t<meta name=\"twitter:data1\" content=\"1 minute\" \/>\n<script type=\"application\/ld+json\" class=\"yoast-schema-graph\">{\"@context\":\"https:\\\/\\\/schema.org\",\"@graph\":[{\"@type\":\"WebPage\",\"@id\":\"https:\\\/\\\/gazerzekelo.rewaresoft.hu\\\/en\\\/\",\"url\":\"https:\\\/\\\/gazerzekelo.rewaresoft.hu\\\/en\\\/\",\"name\":\"Home - G\u00e1z\u00e9rz\u00e9kel\u0151.hu\",\"isPartOf\":{\"@id\":\"https:\\\/\\\/gazerzekelo.hu\\\/#website\"},\"primaryImageOfPage\":{\"@id\":\"https:\\\/\\\/gazerzekelo.rewaresoft.hu\\\/en\\\/#primaryimage\"},\"image\":{\"@id\":\"https:\\\/\\\/gazerzekelo.rewaresoft.hu\\\/en\\\/#primaryimage\"},\"thumbnailUrl\":\"https:\\\/\\\/gazerzekelo.hu\\\/wp-content\\\/uploads\\\/fooldal_hero.webp\",\"datePublished\":\"2025-02-06T13:59:07+00:00\",\"dateModified\":\"2025-03-07T13:06:50+00:00\",\"breadcrumb\":{\"@id\":\"https:\\\/\\\/gazerzekelo.rewaresoft.hu\\\/en\\\/#breadcrumb\"},\"inLanguage\":\"en-US\",\"potentialAction\":[{\"@type\":\"ReadAction\",\"target\":[\"https:\\\/\\\/gazerzekelo.rewaresoft.hu\\\/en\\\/\"]}]},{\"@type\":\"ImageObject\",\"inLanguage\":\"en-US\",\"@id\":\"https:\\\/\\\/gazerzekelo.rewaresoft.hu\\\/en\\\/#primaryimage\",\"url\":\"https:\\\/\\\/gazerzekelo.hu\\\/wp-content\\\/uploads\\\/fooldal_hero.webp\",\"contentUrl\":\"https:\\\/\\\/gazerzekelo.hu\\\/wp-content\\\/uploads\\\/fooldal_hero.webp\",\"width\":1500,\"height\":643},{\"@type\":\"BreadcrumbList\",\"@id\":\"https:\\\/\\\/gazerzekelo.rewaresoft.hu\\\/en\\\/#breadcrumb\",\"itemListElement\":[{\"@type\":\"ListItem\",\"position\":1,\"name\":\"Kezd\u0151lap\",\"item\":\"https:\\\/\\\/gazerzekelo.rewaresoft.hu\\\/en\\\/\"},{\"@type\":\"ListItem\",\"position\":2,\"name\":\"Home\"}]},{\"@type\":\"WebSite\",\"@id\":\"https:\\\/\\\/gazerzekelo.hu\\\/#website\",\"url\":\"https:\\\/\\\/gazerzekelo.hu\\\/\",\"name\":\"G\u00e1z\u00e9rz\u00e9kel\u0151.hu\",\"description\":\"40 years of innovation for safety\",\"publisher\":{\"@id\":\"https:\\\/\\\/gazerzekelo.hu\\\/#organization\"},\"potentialAction\":[{\"@type\":\"SearchAction\",\"target\":{\"@type\":\"EntryPoint\",\"urlTemplate\":\"https:\\\/\\\/gazerzekelo.hu\\\/?s={search_term_string}\"},\"query-input\":{\"@type\":\"PropertyValueSpecification\",\"valueRequired\":true,\"valueName\":\"search_term_string\"}}],\"inLanguage\":\"en-US\"},{\"@type\":\"Organization\",\"@id\":\"https:\\\/\\\/gazerzekelo.hu\\\/#organization\",\"name\":\"M\u0171szer Automatika Kft.\",\"url\":\"https:\\\/\\\/gazerzekelo.hu\\\/\",\"logo\":{\"@type\":\"ImageObject\",\"inLanguage\":\"en-US\",\"@id\":\"https:\\\/\\\/gazerzekelo.hu\\\/#\\\/schema\\\/logo\\\/image\\\/\",\"url\":\"https:\\\/\\\/gazerzekelo.hu\\\/wp-content\\\/uploads\\\/favicon.png\",\"contentUrl\":\"https:\\\/\\\/gazerzekelo.hu\\\/wp-content\\\/uploads\\\/favicon.png\",\"width\":512,\"height\":512,\"caption\":\"M\u0171szer Automatika Kft.\"},\"image\":{\"@id\":\"https:\\\/\\\/gazerzekelo.hu\\\/#\\\/schema\\\/logo\\\/image\\\/\"},\"sameAs\":[\"https:\\\/\\\/www.facebook.com\\\/muszerautomatika\\\/?locale=hu_HU\"]}]}<\/script>\n<!-- \/ Yoast SEO plugin. -->","yoast_head_json":{"title":"Home - G\u00e1z\u00e9rz\u00e9kel\u0151.hu","robots":{"index":"index","follow":"follow","max-snippet":"max-snippet:-1","max-image-preview":"max-image-preview:large","max-video-preview":"max-video-preview:-1"},"canonical":"https:\/\/gazerzekelo.rewaresoft.hu\/en\/","og_locale":"en_US","og_type":"article","og_title":"Home - G\u00e1z\u00e9rz\u00e9kel\u0151.hu","og_description":"WELCOME! M\u0171szer Automatika Ltd. has been developing, manufacturing, installing and servicing gas and solvent vapour detectors for more than 40 years. Our devices perform life and property protection tasks in enclosed and open spaces where the presence of explosive or harmful vapours and gases can cause explosion or poisoning hazards.","og_url":"https:\/\/gazerzekelo.rewaresoft.hu\/en\/","og_site_name":"G\u00e1z\u00e9rz\u00e9kel\u0151.hu","article_publisher":"https:\/\/www.facebook.com\/muszerautomatika\/?locale=hu_HU","article_modified_time":"2025-03-07T13:06:50+00:00","og_image":[{"width":1500,"height":643,"url":"https:\/\/gazerzekelo.rewaresoft.hu\/wp-content\/uploads\/fooldal_hero.webp","type":"image\/webp"}],"twitter_card":"summary_large_image","twitter_misc":{"Est. reading time":"1 minute"},"schema":{"@context":"https:\/\/schema.org","@graph":[{"@type":"WebPage","@id":"https:\/\/gazerzekelo.rewaresoft.hu\/en\/","url":"https:\/\/gazerzekelo.rewaresoft.hu\/en\/","name":"Home - G\u00e1z\u00e9rz\u00e9kel\u0151.hu","isPartOf":{"@id":"https:\/\/gazerzekelo.hu\/#website"},"primaryImageOfPage":{"@id":"https:\/\/gazerzekelo.rewaresoft.hu\/en\/#primaryimage"},"image":{"@id":"https:\/\/gazerzekelo.rewaresoft.hu\/en\/#primaryimage"},"thumbnailUrl":"https:\/\/gazerzekelo.hu\/wp-content\/uploads\/fooldal_hero.webp","datePublished":"2025-02-06T13:59:07+00:00","dateModified":"2025-03-07T13:06:50+00:00","breadcrumb":{"@id":"https:\/\/gazerzekelo.rewaresoft.hu\/en\/#breadcrumb"},"inLanguage":"en-US","potentialAction":[{"@type":"ReadAction","target":["https:\/\/gazerzekelo.rewaresoft.hu\/en\/"]}]},{"@type":"ImageObject","inLanguage":"en-US","@id":"https:\/\/gazerzekelo.rewaresoft.hu\/en\/#primaryimage","url":"https:\/\/gazerzekelo.hu\/wp-content\/uploads\/fooldal_hero.webp","contentUrl":"https:\/\/gazerzekelo.hu\/wp-content\/uploads\/fooldal_hero.webp","width":1500,"height":643},{"@type":"BreadcrumbList","@id":"https:\/\/gazerzekelo.rewaresoft.hu\/en\/#breadcrumb","itemListElement":[{"@type":"ListItem","position":1,"name":"Kezd\u0151lap","item":"https:\/\/gazerzekelo.rewaresoft.hu\/en\/"},{"@type":"ListItem","position":2,"name":"Home"}]},{"@type":"WebSite","@id":"https:\/\/gazerzekelo.hu\/#website","url":"https:\/\/gazerzekelo.hu\/","name":"G\u00e1z\u00e9rz\u00e9kel\u0151.hu","description":"40 years of innovation for safety","publisher":{"@id":"https:\/\/gazerzekelo.hu\/#organization"},"potentialAction":[{"@type":"SearchAction","target":{"@type":"EntryPoint","urlTemplate":"https:\/\/gazerzekelo.hu\/?s={search_term_string}"},"query-input":{"@type":"PropertyValueSpecification","valueRequired":true,"valueName":"search_term_string"}}],"inLanguage":"en-US"},{"@type":"Organization","@id":"https:\/\/gazerzekelo.hu\/#organization","name":"M\u0171szer Automatika Kft.","url":"https:\/\/gazerzekelo.hu\/","logo":{"@type":"ImageObject","inLanguage":"en-US","@id":"https:\/\/gazerzekelo.hu\/#\/schema\/logo\/image\/","url":"https:\/\/gazerzekelo.hu\/wp-content\/uploads\/favicon.png","contentUrl":"https:\/\/gazerzekelo.hu\/wp-content\/uploads\/favicon.png","width":512,"height":512,"caption":"M\u0171szer Automatika Kft."},"image":{"@id":"https:\/\/gazerzekelo.hu\/#\/schema\/logo\/image\/"},"sameAs":["https:\/\/www.facebook.com\/muszerautomatika\/?locale=hu_HU"]}]}},"_links":{"self":[{"href":"https:\/\/gazerzekelo.hu\/en\/wp-json\/wp\/v2\/pages\/74","targetHints":{"allow":["GET"]}}],"collection":[{"href":"https:\/\/gazerzekelo.hu\/en\/wp-json\/wp\/v2\/pages"}],"about":[{"href":"https:\/\/gazerzekelo.hu\/en\/wp-json\/wp\/v2\/types\/page"}],"author":[{"embeddable":true,"href":"https:\/\/gazerzekelo.hu\/en\/wp-json\/wp\/v2\/users\/1"}],"replies":[{"embeddable":true,"href":"https:\/\/gazerzekelo.hu\/en\/wp-json\/wp\/v2\/comments?post=74"}],"version-history":[{"count":3,"href":"https:\/\/gazerzekelo.hu\/en\/wp-json\/wp\/v2\/pages\/74\/revisions"}],"predecessor-version":[{"id":592,"href":"https:\/\/gazerzekelo.hu\/en\/wp-json\/wp\/v2\/pages\/74\/revisions\/592"}],"wp:featuredmedia":[{"embeddable":true,"href":"https:\/\/gazerzekelo.hu\/en\/wp-json\/wp\/v2\/media\/467"}],"wp:attachment":[{"href":"https:\/\/gazerzekelo.hu\/en\/wp-json\/wp\/v2\/media?parent=74"}],"curies":[{"name":"wp","href":"https:\/\/api.w.org\/{rel}","templated":true}]}}