{"id":535,"date":"2025-02-05T15:03:04","date_gmt":"2025-02-05T14:03:04","guid":{"rendered":"https:\/\/gazerzekelo.hu\/service-center\/"},"modified":"2025-03-06T19:31:04","modified_gmt":"2025-03-06T18:31:04","slug":"service-center","status":"publish","type":"page","link":"https:\/\/gazerzekelo.hu\/en\/service-center\/","title":{"rendered":"Service center"},"content":{"rendered":"\n<p>The Gas Detector Service of M\u0171szer Automatika Ltd. has been dealing with the installation, maintenance and repair of gas and solvent vapour detectors for more than 40 years. The success of the gas detector business is based on a high quality after-sales service.  <\/p>\n\n<p>Our electricians have the necessary explosion protection competences. They receive regular training in the handling, maintenance and troubleshooting of the equipment they service. Our staff, who visit the installation sites, carry out their work with the latest technical information. A fleet of service vehicles, state-of-the-art equipment and a large stock of certified test gases and chemicals ensure continuous availability.   <\/p>\n\n<h2 class=\"wp-block-heading\">Our specialist service for gas and solvent vapour detection equipment:<\/h2>\n\n<ul class=\"wp-block-list\">\n<li>advice on installed equipment<\/li>\n\n\n\n<li>survey for installation, replacement and renovation of systems<\/li>\n\n\n\n<li>repair, renovation<\/li>\n\n\n\n<li>ad hoc and contractual maintenance<\/li>\n\n\n\n<li>troubleshooting<\/li>\n\n\n\n<li>24-hour on-call service for our customers<\/li>\n<\/ul>\n","protected":false},"excerpt":{"rendered":"<p>The Gas Detector Service of M\u0171szer Automatika Ltd. has been dealing with the installation, maintenance and repair of gas and solvent vapour detectors for more than 40 years. The success of the gas detector business is based on a high quality after-sales service. Our electricians have the necessary explosion protection competences. They receive regular training [&hellip;]<\/p>\n","protected":false},"author":1,"featured_media":273,"parent":0,"menu_order":0,"comment_status":"closed","ping_status":"closed","template":"service-template.php","meta":{"_acf_changed":false,"footnotes":""},"class_list":["post-535","page","type-page","status-publish","has-post-thumbnail","hentry"],"acf":[],"yoast_head":"<!-- This site is optimized with the Yoast SEO plugin v27.3 - https:\/\/yoast.com\/product\/yoast-seo-wordpress\/ -->\n<title>Service center - G\u00e1z\u00e9rz\u00e9kel\u0151.hu<\/title>\n<meta name=\"robots\" content=\"index, follow, max-snippet:-1, max-image-preview:large, max-video-preview:-1\" \/>\n<link rel=\"canonical\" href=\"https:\/\/gazerzekelo.rewaresoft.hu\/en\/service-center\/\" \/>\n<meta property=\"og:locale\" content=\"en_US\" \/>\n<meta property=\"og:type\" content=\"article\" \/>\n<meta property=\"og:title\" content=\"Service center - G\u00e1z\u00e9rz\u00e9kel\u0151.hu\" \/>\n<meta property=\"og:description\" content=\"The Gas Detector Service of M\u0171szer Automatika Ltd. has been dealing with the installation, maintenance and repair of gas and solvent vapour detectors for more than 40 years. The success of the gas detector business is based on a high quality after-sales service. Our electricians have the necessary explosion protection competences. They receive regular training [&hellip;]\" \/>\n<meta property=\"og:url\" content=\"https:\/\/gazerzekelo.rewaresoft.hu\/en\/service-center\/\" \/>\n<meta property=\"og:site_name\" content=\"G\u00e1z\u00e9rz\u00e9kel\u0151.hu\" \/>\n<meta property=\"article:publisher\" content=\"https:\/\/www.facebook.com\/muszerautomatika\/?locale=hu_HU\" \/>\n<meta property=\"article:modified_time\" content=\"2025-03-06T18:31:04+00:00\" \/>\n<meta property=\"og:image\" content=\"https:\/\/gazerzekelo.rewaresoft.hu\/wp-content\/uploads\/szerviz_op_2.webp\" \/>\n\t<meta property=\"og:image:width\" content=\"1500\" \/>\n\t<meta property=\"og:image:height\" content=\"646\" \/>\n\t<meta property=\"og:image:type\" content=\"image\/webp\" \/>\n<meta name=\"twitter:card\" content=\"summary_large_image\" \/>\n<meta name=\"twitter:label1\" content=\"Est. reading time\" \/>\n\t<meta name=\"twitter:data1\" content=\"1 minute\" \/>\n<script type=\"application\/ld+json\" class=\"yoast-schema-graph\">{\"@context\":\"https:\\\/\\\/schema.org\",\"@graph\":[{\"@type\":\"WebPage\",\"@id\":\"https:\\\/\\\/gazerzekelo.rewaresoft.hu\\\/en\\\/service-center\\\/\",\"url\":\"https:\\\/\\\/gazerzekelo.rewaresoft.hu\\\/en\\\/service-center\\\/\",\"name\":\"Service center - G\u00e1z\u00e9rz\u00e9kel\u0151.hu\",\"isPartOf\":{\"@id\":\"https:\\\/\\\/gazerzekelo.hu\\\/#website\"},\"primaryImageOfPage\":{\"@id\":\"https:\\\/\\\/gazerzekelo.rewaresoft.hu\\\/en\\\/service-center\\\/#primaryimage\"},\"image\":{\"@id\":\"https:\\\/\\\/gazerzekelo.rewaresoft.hu\\\/en\\\/service-center\\\/#primaryimage\"},\"thumbnailUrl\":\"https:\\\/\\\/gazerzekelo.hu\\\/wp-content\\\/uploads\\\/szerviz_op_2.webp\",\"datePublished\":\"2025-02-05T14:03:04+00:00\",\"dateModified\":\"2025-03-06T18:31:04+00:00\",\"breadcrumb\":{\"@id\":\"https:\\\/\\\/gazerzekelo.rewaresoft.hu\\\/en\\\/service-center\\\/#breadcrumb\"},\"inLanguage\":\"en-US\",\"potentialAction\":[{\"@type\":\"ReadAction\",\"target\":[\"https:\\\/\\\/gazerzekelo.rewaresoft.hu\\\/en\\\/service-center\\\/\"]}]},{\"@type\":\"ImageObject\",\"inLanguage\":\"en-US\",\"@id\":\"https:\\\/\\\/gazerzekelo.rewaresoft.hu\\\/en\\\/service-center\\\/#primaryimage\",\"url\":\"https:\\\/\\\/gazerzekelo.hu\\\/wp-content\\\/uploads\\\/szerviz_op_2.webp\",\"contentUrl\":\"https:\\\/\\\/gazerzekelo.hu\\\/wp-content\\\/uploads\\\/szerviz_op_2.webp\",\"width\":1500,\"height\":646},{\"@type\":\"BreadcrumbList\",\"@id\":\"https:\\\/\\\/gazerzekelo.rewaresoft.hu\\\/en\\\/service-center\\\/#breadcrumb\",\"itemListElement\":[{\"@type\":\"ListItem\",\"position\":1,\"name\":\"Kezd\u0151lap\",\"item\":\"https:\\\/\\\/gazerzekelo.rewaresoft.hu\\\/en\\\/\"},{\"@type\":\"ListItem\",\"position\":2,\"name\":\"Service center\"}]},{\"@type\":\"WebSite\",\"@id\":\"https:\\\/\\\/gazerzekelo.hu\\\/#website\",\"url\":\"https:\\\/\\\/gazerzekelo.hu\\\/\",\"name\":\"G\u00e1z\u00e9rz\u00e9kel\u0151.hu\",\"description\":\"40 years of innovation for safety\",\"publisher\":{\"@id\":\"https:\\\/\\\/gazerzekelo.hu\\\/#organization\"},\"potentialAction\":[{\"@type\":\"SearchAction\",\"target\":{\"@type\":\"EntryPoint\",\"urlTemplate\":\"https:\\\/\\\/gazerzekelo.hu\\\/?s={search_term_string}\"},\"query-input\":{\"@type\":\"PropertyValueSpecification\",\"valueRequired\":true,\"valueName\":\"search_term_string\"}}],\"inLanguage\":\"en-US\"},{\"@type\":\"Organization\",\"@id\":\"https:\\\/\\\/gazerzekelo.hu\\\/#organization\",\"name\":\"M\u0171szer Automatika Kft.\",\"url\":\"https:\\\/\\\/gazerzekelo.hu\\\/\",\"logo\":{\"@type\":\"ImageObject\",\"inLanguage\":\"en-US\",\"@id\":\"https:\\\/\\\/gazerzekelo.hu\\\/#\\\/schema\\\/logo\\\/image\\\/\",\"url\":\"https:\\\/\\\/gazerzekelo.hu\\\/wp-content\\\/uploads\\\/favicon.png\",\"contentUrl\":\"https:\\\/\\\/gazerzekelo.hu\\\/wp-content\\\/uploads\\\/favicon.png\",\"width\":512,\"height\":512,\"caption\":\"M\u0171szer Automatika Kft.\"},\"image\":{\"@id\":\"https:\\\/\\\/gazerzekelo.hu\\\/#\\\/schema\\\/logo\\\/image\\\/\"},\"sameAs\":[\"https:\\\/\\\/www.facebook.com\\\/muszerautomatika\\\/?locale=hu_HU\"]}]}<\/script>\n<!-- \/ Yoast SEO plugin. -->","yoast_head_json":{"title":"Service center - G\u00e1z\u00e9rz\u00e9kel\u0151.hu","robots":{"index":"index","follow":"follow","max-snippet":"max-snippet:-1","max-image-preview":"max-image-preview:large","max-video-preview":"max-video-preview:-1"},"canonical":"https:\/\/gazerzekelo.rewaresoft.hu\/en\/service-center\/","og_locale":"en_US","og_type":"article","og_title":"Service center - G\u00e1z\u00e9rz\u00e9kel\u0151.hu","og_description":"The Gas Detector Service of M\u0171szer Automatika Ltd. has been dealing with the installation, maintenance and repair of gas and solvent vapour detectors for more than 40 years. The success of the gas detector business is based on a high quality after-sales service. Our electricians have the necessary explosion protection competences. They receive regular training [&hellip;]","og_url":"https:\/\/gazerzekelo.rewaresoft.hu\/en\/service-center\/","og_site_name":"G\u00e1z\u00e9rz\u00e9kel\u0151.hu","article_publisher":"https:\/\/www.facebook.com\/muszerautomatika\/?locale=hu_HU","article_modified_time":"2025-03-06T18:31:04+00:00","og_image":[{"width":1500,"height":646,"url":"https:\/\/gazerzekelo.rewaresoft.hu\/wp-content\/uploads\/szerviz_op_2.webp","type":"image\/webp"}],"twitter_card":"summary_large_image","twitter_misc":{"Est. reading time":"1 minute"},"schema":{"@context":"https:\/\/schema.org","@graph":[{"@type":"WebPage","@id":"https:\/\/gazerzekelo.rewaresoft.hu\/en\/service-center\/","url":"https:\/\/gazerzekelo.rewaresoft.hu\/en\/service-center\/","name":"Service center - G\u00e1z\u00e9rz\u00e9kel\u0151.hu","isPartOf":{"@id":"https:\/\/gazerzekelo.hu\/#website"},"primaryImageOfPage":{"@id":"https:\/\/gazerzekelo.rewaresoft.hu\/en\/service-center\/#primaryimage"},"image":{"@id":"https:\/\/gazerzekelo.rewaresoft.hu\/en\/service-center\/#primaryimage"},"thumbnailUrl":"https:\/\/gazerzekelo.hu\/wp-content\/uploads\/szerviz_op_2.webp","datePublished":"2025-02-05T14:03:04+00:00","dateModified":"2025-03-06T18:31:04+00:00","breadcrumb":{"@id":"https:\/\/gazerzekelo.rewaresoft.hu\/en\/service-center\/#breadcrumb"},"inLanguage":"en-US","potentialAction":[{"@type":"ReadAction","target":["https:\/\/gazerzekelo.rewaresoft.hu\/en\/service-center\/"]}]},{"@type":"ImageObject","inLanguage":"en-US","@id":"https:\/\/gazerzekelo.rewaresoft.hu\/en\/service-center\/#primaryimage","url":"https:\/\/gazerzekelo.hu\/wp-content\/uploads\/szerviz_op_2.webp","contentUrl":"https:\/\/gazerzekelo.hu\/wp-content\/uploads\/szerviz_op_2.webp","width":1500,"height":646},{"@type":"BreadcrumbList","@id":"https:\/\/gazerzekelo.rewaresoft.hu\/en\/service-center\/#breadcrumb","itemListElement":[{"@type":"ListItem","position":1,"name":"Kezd\u0151lap","item":"https:\/\/gazerzekelo.rewaresoft.hu\/en\/"},{"@type":"ListItem","position":2,"name":"Service center"}]},{"@type":"WebSite","@id":"https:\/\/gazerzekelo.hu\/#website","url":"https:\/\/gazerzekelo.hu\/","name":"G\u00e1z\u00e9rz\u00e9kel\u0151.hu","description":"40 years of innovation for safety","publisher":{"@id":"https:\/\/gazerzekelo.hu\/#organization"},"potentialAction":[{"@type":"SearchAction","target":{"@type":"EntryPoint","urlTemplate":"https:\/\/gazerzekelo.hu\/?s={search_term_string}"},"query-input":{"@type":"PropertyValueSpecification","valueRequired":true,"valueName":"search_term_string"}}],"inLanguage":"en-US"},{"@type":"Organization","@id":"https:\/\/gazerzekelo.hu\/#organization","name":"M\u0171szer Automatika Kft.","url":"https:\/\/gazerzekelo.hu\/","logo":{"@type":"ImageObject","inLanguage":"en-US","@id":"https:\/\/gazerzekelo.hu\/#\/schema\/logo\/image\/","url":"https:\/\/gazerzekelo.hu\/wp-content\/uploads\/favicon.png","contentUrl":"https:\/\/gazerzekelo.hu\/wp-content\/uploads\/favicon.png","width":512,"height":512,"caption":"M\u0171szer Automatika Kft."},"image":{"@id":"https:\/\/gazerzekelo.hu\/#\/schema\/logo\/image\/"},"sameAs":["https:\/\/www.facebook.com\/muszerautomatika\/?locale=hu_HU"]}]}},"_links":{"self":[{"href":"https:\/\/gazerzekelo.hu\/en\/wp-json\/wp\/v2\/pages\/535","targetHints":{"allow":["GET"]}}],"collection":[{"href":"https:\/\/gazerzekelo.hu\/en\/wp-json\/wp\/v2\/pages"}],"about":[{"href":"https:\/\/gazerzekelo.hu\/en\/wp-json\/wp\/v2\/types\/page"}],"author":[{"embeddable":true,"href":"https:\/\/gazerzekelo.hu\/en\/wp-json\/wp\/v2\/users\/1"}],"replies":[{"embeddable":true,"href":"https:\/\/gazerzekelo.hu\/en\/wp-json\/wp\/v2\/comments?post=535"}],"version-history":[{"count":1,"href":"https:\/\/gazerzekelo.hu\/en\/wp-json\/wp\/v2\/pages\/535\/revisions"}],"predecessor-version":[{"id":536,"href":"https:\/\/gazerzekelo.hu\/en\/wp-json\/wp\/v2\/pages\/535\/revisions\/536"}],"wp:featuredmedia":[{"embeddable":true,"href":"https:\/\/gazerzekelo.hu\/en\/wp-json\/wp\/v2\/media\/273"}],"wp:attachment":[{"href":"https:\/\/gazerzekelo.hu\/en\/wp-json\/wp\/v2\/media?parent=535"}],"curies":[{"name":"wp","href":"https:\/\/api.w.org\/{rel}","templated":true}]}}