{"id":531,"date":"2025-02-05T15:03:33","date_gmt":"2025-02-05T14:03:33","guid":{"rendered":"https:\/\/gazerzekelo.hu\/gas-detection-applications\/"},"modified":"2025-03-06T19:18:10","modified_gmt":"2025-03-06T18:18:10","slug":"fields-of-applications","status":"publish","type":"page","link":"https:\/\/gazerzekelo.hu\/en\/fields-of-applications\/","title":{"rendered":"Fields of applications"},"content":{"rendered":"","protected":false},"excerpt":{"rendered":"","protected":false},"author":1,"featured_media":147,"parent":0,"menu_order":0,"comment_status":"closed","ping_status":"closed","template":"applications-template.php","meta":{"_acf_changed":false,"footnotes":""},"class_list":["post-531","page","type-page","status-publish","has-post-thumbnail","hentry"],"acf":[],"yoast_head":"<!-- This site is optimized with the Yoast SEO plugin v27.3 - https:\/\/yoast.com\/product\/yoast-seo-wordpress\/ -->\n<title>Fields of applications - G\u00e1z\u00e9rz\u00e9kel\u0151.hu<\/title>\n<meta name=\"robots\" content=\"index, follow, max-snippet:-1, max-image-preview:large, max-video-preview:-1\" \/>\n<link rel=\"canonical\" href=\"https:\/\/gazerzekelo.rewaresoft.hu\/en\/fields-of-applications\/\" \/>\n<meta property=\"og:locale\" content=\"en_US\" \/>\n<meta property=\"og:type\" content=\"article\" \/>\n<meta property=\"og:title\" content=\"Fields of applications - G\u00e1z\u00e9rz\u00e9kel\u0151.hu\" \/>\n<meta property=\"og:url\" content=\"https:\/\/gazerzekelo.rewaresoft.hu\/en\/fields-of-applications\/\" \/>\n<meta property=\"og:site_name\" content=\"G\u00e1z\u00e9rz\u00e9kel\u0151.hu\" \/>\n<meta property=\"article:publisher\" content=\"https:\/\/www.facebook.com\/muszerautomatika\/?locale=hu_HU\" \/>\n<meta property=\"article:modified_time\" content=\"2025-03-06T18:18:10+00:00\" \/>\n<meta property=\"og:image\" content=\"https:\/\/gazerzekelo.rewaresoft.hu\/wp-content\/uploads\/applications.jpg\" \/>\n\t<meta property=\"og:image:width\" content=\"1500\" \/>\n\t<meta property=\"og:image:height\" content=\"643\" \/>\n\t<meta property=\"og:image:type\" content=\"image\/jpeg\" \/>\n<meta name=\"twitter:card\" content=\"summary_large_image\" \/>\n<meta name=\"twitter:label1\" content=\"Est. reading time\" \/>\n\t<meta name=\"twitter:data1\" content=\"1 minute\" \/>\n<script type=\"application\/ld+json\" class=\"yoast-schema-graph\">{\"@context\":\"https:\\\/\\\/schema.org\",\"@graph\":[{\"@type\":\"WebPage\",\"@id\":\"https:\\\/\\\/gazerzekelo.rewaresoft.hu\\\/en\\\/fields-of-applications\\\/\",\"url\":\"https:\\\/\\\/gazerzekelo.rewaresoft.hu\\\/en\\\/fields-of-applications\\\/\",\"name\":\"Fields of applications - G\u00e1z\u00e9rz\u00e9kel\u0151.hu\",\"isPartOf\":{\"@id\":\"https:\\\/\\\/gazerzekelo.hu\\\/#website\"},\"primaryImageOfPage\":{\"@id\":\"https:\\\/\\\/gazerzekelo.rewaresoft.hu\\\/en\\\/fields-of-applications\\\/#primaryimage\"},\"image\":{\"@id\":\"https:\\\/\\\/gazerzekelo.rewaresoft.hu\\\/en\\\/fields-of-applications\\\/#primaryimage\"},\"thumbnailUrl\":\"https:\\\/\\\/gazerzekelo.hu\\\/wp-content\\\/uploads\\\/applications.jpg\",\"datePublished\":\"2025-02-05T14:03:33+00:00\",\"dateModified\":\"2025-03-06T18:18:10+00:00\",\"breadcrumb\":{\"@id\":\"https:\\\/\\\/gazerzekelo.rewaresoft.hu\\\/en\\\/fields-of-applications\\\/#breadcrumb\"},\"inLanguage\":\"en-US\",\"potentialAction\":[{\"@type\":\"ReadAction\",\"target\":[\"https:\\\/\\\/gazerzekelo.rewaresoft.hu\\\/en\\\/fields-of-applications\\\/\"]}]},{\"@type\":\"ImageObject\",\"inLanguage\":\"en-US\",\"@id\":\"https:\\\/\\\/gazerzekelo.rewaresoft.hu\\\/en\\\/fields-of-applications\\\/#primaryimage\",\"url\":\"https:\\\/\\\/gazerzekelo.hu\\\/wp-content\\\/uploads\\\/applications.jpg\",\"contentUrl\":\"https:\\\/\\\/gazerzekelo.hu\\\/wp-content\\\/uploads\\\/applications.jpg\",\"width\":1500,\"height\":643},{\"@type\":\"BreadcrumbList\",\"@id\":\"https:\\\/\\\/gazerzekelo.rewaresoft.hu\\\/en\\\/fields-of-applications\\\/#breadcrumb\",\"itemListElement\":[{\"@type\":\"ListItem\",\"position\":1,\"name\":\"Kezd\u0151lap\",\"item\":\"https:\\\/\\\/gazerzekelo.rewaresoft.hu\\\/en\\\/\"},{\"@type\":\"ListItem\",\"position\":2,\"name\":\"Fields of applications\"}]},{\"@type\":\"WebSite\",\"@id\":\"https:\\\/\\\/gazerzekelo.hu\\\/#website\",\"url\":\"https:\\\/\\\/gazerzekelo.hu\\\/\",\"name\":\"G\u00e1z\u00e9rz\u00e9kel\u0151.hu\",\"description\":\"40 years of innovation for safety\",\"publisher\":{\"@id\":\"https:\\\/\\\/gazerzekelo.hu\\\/#organization\"},\"potentialAction\":[{\"@type\":\"SearchAction\",\"target\":{\"@type\":\"EntryPoint\",\"urlTemplate\":\"https:\\\/\\\/gazerzekelo.hu\\\/?s={search_term_string}\"},\"query-input\":{\"@type\":\"PropertyValueSpecification\",\"valueRequired\":true,\"valueName\":\"search_term_string\"}}],\"inLanguage\":\"en-US\"},{\"@type\":\"Organization\",\"@id\":\"https:\\\/\\\/gazerzekelo.hu\\\/#organization\",\"name\":\"M\u0171szer Automatika Kft.\",\"url\":\"https:\\\/\\\/gazerzekelo.hu\\\/\",\"logo\":{\"@type\":\"ImageObject\",\"inLanguage\":\"en-US\",\"@id\":\"https:\\\/\\\/gazerzekelo.hu\\\/#\\\/schema\\\/logo\\\/image\\\/\",\"url\":\"https:\\\/\\\/gazerzekelo.hu\\\/wp-content\\\/uploads\\\/favicon.png\",\"contentUrl\":\"https:\\\/\\\/gazerzekelo.hu\\\/wp-content\\\/uploads\\\/favicon.png\",\"width\":512,\"height\":512,\"caption\":\"M\u0171szer Automatika Kft.\"},\"image\":{\"@id\":\"https:\\\/\\\/gazerzekelo.hu\\\/#\\\/schema\\\/logo\\\/image\\\/\"},\"sameAs\":[\"https:\\\/\\\/www.facebook.com\\\/muszerautomatika\\\/?locale=hu_HU\"]}]}<\/script>\n<!-- \/ Yoast SEO plugin. -->","yoast_head_json":{"title":"Fields of applications - G\u00e1z\u00e9rz\u00e9kel\u0151.hu","robots":{"index":"index","follow":"follow","max-snippet":"max-snippet:-1","max-image-preview":"max-image-preview:large","max-video-preview":"max-video-preview:-1"},"canonical":"https:\/\/gazerzekelo.rewaresoft.hu\/en\/fields-of-applications\/","og_locale":"en_US","og_type":"article","og_title":"Fields of applications - G\u00e1z\u00e9rz\u00e9kel\u0151.hu","og_url":"https:\/\/gazerzekelo.rewaresoft.hu\/en\/fields-of-applications\/","og_site_name":"G\u00e1z\u00e9rz\u00e9kel\u0151.hu","article_publisher":"https:\/\/www.facebook.com\/muszerautomatika\/?locale=hu_HU","article_modified_time":"2025-03-06T18:18:10+00:00","og_image":[{"width":1500,"height":643,"url":"https:\/\/gazerzekelo.rewaresoft.hu\/wp-content\/uploads\/applications.jpg","type":"image\/jpeg"}],"twitter_card":"summary_large_image","twitter_misc":{"Est. reading time":"1 minute"},"schema":{"@context":"https:\/\/schema.org","@graph":[{"@type":"WebPage","@id":"https:\/\/gazerzekelo.rewaresoft.hu\/en\/fields-of-applications\/","url":"https:\/\/gazerzekelo.rewaresoft.hu\/en\/fields-of-applications\/","name":"Fields of applications - G\u00e1z\u00e9rz\u00e9kel\u0151.hu","isPartOf":{"@id":"https:\/\/gazerzekelo.hu\/#website"},"primaryImageOfPage":{"@id":"https:\/\/gazerzekelo.rewaresoft.hu\/en\/fields-of-applications\/#primaryimage"},"image":{"@id":"https:\/\/gazerzekelo.rewaresoft.hu\/en\/fields-of-applications\/#primaryimage"},"thumbnailUrl":"https:\/\/gazerzekelo.hu\/wp-content\/uploads\/applications.jpg","datePublished":"2025-02-05T14:03:33+00:00","dateModified":"2025-03-06T18:18:10+00:00","breadcrumb":{"@id":"https:\/\/gazerzekelo.rewaresoft.hu\/en\/fields-of-applications\/#breadcrumb"},"inLanguage":"en-US","potentialAction":[{"@type":"ReadAction","target":["https:\/\/gazerzekelo.rewaresoft.hu\/en\/fields-of-applications\/"]}]},{"@type":"ImageObject","inLanguage":"en-US","@id":"https:\/\/gazerzekelo.rewaresoft.hu\/en\/fields-of-applications\/#primaryimage","url":"https:\/\/gazerzekelo.hu\/wp-content\/uploads\/applications.jpg","contentUrl":"https:\/\/gazerzekelo.hu\/wp-content\/uploads\/applications.jpg","width":1500,"height":643},{"@type":"BreadcrumbList","@id":"https:\/\/gazerzekelo.rewaresoft.hu\/en\/fields-of-applications\/#breadcrumb","itemListElement":[{"@type":"ListItem","position":1,"name":"Kezd\u0151lap","item":"https:\/\/gazerzekelo.rewaresoft.hu\/en\/"},{"@type":"ListItem","position":2,"name":"Fields of applications"}]},{"@type":"WebSite","@id":"https:\/\/gazerzekelo.hu\/#website","url":"https:\/\/gazerzekelo.hu\/","name":"G\u00e1z\u00e9rz\u00e9kel\u0151.hu","description":"40 years of innovation for safety","publisher":{"@id":"https:\/\/gazerzekelo.hu\/#organization"},"potentialAction":[{"@type":"SearchAction","target":{"@type":"EntryPoint","urlTemplate":"https:\/\/gazerzekelo.hu\/?s={search_term_string}"},"query-input":{"@type":"PropertyValueSpecification","valueRequired":true,"valueName":"search_term_string"}}],"inLanguage":"en-US"},{"@type":"Organization","@id":"https:\/\/gazerzekelo.hu\/#organization","name":"M\u0171szer Automatika Kft.","url":"https:\/\/gazerzekelo.hu\/","logo":{"@type":"ImageObject","inLanguage":"en-US","@id":"https:\/\/gazerzekelo.hu\/#\/schema\/logo\/image\/","url":"https:\/\/gazerzekelo.hu\/wp-content\/uploads\/favicon.png","contentUrl":"https:\/\/gazerzekelo.hu\/wp-content\/uploads\/favicon.png","width":512,"height":512,"caption":"M\u0171szer Automatika Kft."},"image":{"@id":"https:\/\/gazerzekelo.hu\/#\/schema\/logo\/image\/"},"sameAs":["https:\/\/www.facebook.com\/muszerautomatika\/?locale=hu_HU"]}]}},"_links":{"self":[{"href":"https:\/\/gazerzekelo.hu\/en\/wp-json\/wp\/v2\/pages\/531","targetHints":{"allow":["GET"]}}],"collection":[{"href":"https:\/\/gazerzekelo.hu\/en\/wp-json\/wp\/v2\/pages"}],"about":[{"href":"https:\/\/gazerzekelo.hu\/en\/wp-json\/wp\/v2\/types\/page"}],"author":[{"embeddable":true,"href":"https:\/\/gazerzekelo.hu\/en\/wp-json\/wp\/v2\/users\/1"}],"replies":[{"embeddable":true,"href":"https:\/\/gazerzekelo.hu\/en\/wp-json\/wp\/v2\/comments?post=531"}],"version-history":[{"count":1,"href":"https:\/\/gazerzekelo.hu\/en\/wp-json\/wp\/v2\/pages\/531\/revisions"}],"predecessor-version":[{"id":532,"href":"https:\/\/gazerzekelo.hu\/en\/wp-json\/wp\/v2\/pages\/531\/revisions\/532"}],"wp:featuredmedia":[{"embeddable":true,"href":"https:\/\/gazerzekelo.hu\/en\/wp-json\/wp\/v2\/media\/147"}],"wp:attachment":[{"href":"https:\/\/gazerzekelo.hu\/en\/wp-json\/wp\/v2\/media?parent=531"}],"curies":[{"name":"wp","href":"https:\/\/api.w.org\/{rel}","templated":true}]}}