{"id":29,"date":"2025-02-05T15:02:32","date_gmt":"2025-02-05T14:02:32","guid":{"rendered":"http:\/\/localhost\/reware\/gazerzekelo.hu\/about\/"},"modified":"2025-03-07T14:06:07","modified_gmt":"2025-03-07T13:06:07","slug":"about","status":"publish","type":"page","link":"https:\/\/gazerzekelo.hu\/en\/about\/","title":{"rendered":"About Us"},"content":{"rendered":"\n<p><a href=\"https:\/\/muszerautomatika.hu\/en\/\" target=\"_blank\" rel=\"noreferrer noopener\">M\u0171szer Automatika Ltd.<\/a> has been developing, manufacturing, installing and servicing gas and solvent vapour detectors for more than 40 years. Our devices perform life and property protection tasks in enclosed and open spaces where the presence of explosive or harmful vapours and gases can cause explosion or poisoning hazards:<\/p>\n\n\n\n<ul class=\"wp-block-list\">\n<li>Natural gas, biogas and propane-butane boiler houses<\/li>\n\n\n\n<li>Cooling technologies<\/li>\n\n\n\n<li>Underground garages, parking garages, garages<\/li>\n\n\n\n<li>Power plants<\/li>\n\n\n\n<li>Logistics facilities<\/li>\n\n\n\n<li>Chemical plants, laboratories<\/li>\n\n\n\n<li>Waste water treatment plants<\/li>\n\n\n\n<li>Waste incinerators<\/li>\n\n\n\n<li>Fermentation technologies<\/li>\n\n\n\n<li>Health care facilities, operating theatres<\/li>\n\n\n\n<li>Swimming pools, spas<\/li>\n\n\n\n<li>Food processing plants, freezers<\/li>\n\n\n\n<li>Car factories<\/li>\n\n\n\n<li>Battery factories<\/li>\n\n\n\n<li>Hypermarkets, shopping and entertainment centres<\/li>\n<\/ul>\n\n\n\n<p>Our gas detectors are capable of measuring the concentration of hazardous substances, displaying the measured values and controlling interventions according to the application. Our instruments are the result of our own development and production. Our products are distributed by our company on the Hungarian market. Our gas detectors comply with Hungarian and EU requirements and undergo conformity and quality checks during manufacture, installation and maintenance.<\/p>\n","protected":false},"excerpt":{"rendered":"<p>M\u0171szer Automatika Ltd. has been developing, manufacturing, installing and servicing gas and solvent vapour detectors for more than 40 years. Our devices perform life and property protection tasks in enclosed and open spaces where the presence of explosive or harmful vapours and gases can cause explosion or poisoning hazards: Our gas detectors are capable of [&hellip;]<\/p>\n","protected":false},"author":1,"featured_media":278,"parent":0,"menu_order":0,"comment_status":"closed","ping_status":"closed","template":"about-template.php","meta":{"_acf_changed":false,"footnotes":""},"class_list":["post-29","page","type-page","status-publish","has-post-thumbnail","hentry"],"acf":[],"yoast_head":"<!-- This site is optimized with the Yoast SEO plugin v27.3 - https:\/\/yoast.com\/product\/yoast-seo-wordpress\/ -->\n<title>About Us - G\u00e1z\u00e9rz\u00e9kel\u0151.hu<\/title>\n<meta name=\"robots\" content=\"index, follow, max-snippet:-1, max-image-preview:large, max-video-preview:-1\" \/>\n<link rel=\"canonical\" href=\"https:\/\/gazerzekelo.rewaresoft.hu\/en\/about\/\" \/>\n<meta property=\"og:locale\" content=\"en_US\" \/>\n<meta property=\"og:type\" content=\"article\" \/>\n<meta property=\"og:title\" content=\"About Us - G\u00e1z\u00e9rz\u00e9kel\u0151.hu\" \/>\n<meta property=\"og:description\" content=\"M\u0171szer Automatika Ltd. has been developing, manufacturing, installing and servicing gas and solvent vapour detectors for more than 40 years. Our devices perform life and property protection tasks in enclosed and open spaces where the presence of explosive or harmful vapours and gases can cause explosion or poisoning hazards: Our gas detectors are capable of [&hellip;]\" \/>\n<meta property=\"og:url\" content=\"https:\/\/gazerzekelo.rewaresoft.hu\/en\/about\/\" \/>\n<meta property=\"og:site_name\" content=\"G\u00e1z\u00e9rz\u00e9kel\u0151.hu\" \/>\n<meta property=\"article:publisher\" content=\"https:\/\/www.facebook.com\/muszerautomatika\/?locale=hu_HU\" \/>\n<meta property=\"article:modified_time\" content=\"2025-03-07T13:06:07+00:00\" \/>\n<meta property=\"og:image\" content=\"https:\/\/gazerzekelo.rewaresoft.hu\/wp-content\/uploads\/garibaldi_opt_3.webp\" \/>\n\t<meta property=\"og:image:width\" content=\"1500\" \/>\n\t<meta property=\"og:image:height\" content=\"648\" \/>\n\t<meta property=\"og:image:type\" content=\"image\/webp\" \/>\n<meta name=\"twitter:card\" content=\"summary_large_image\" \/>\n<meta name=\"twitter:label1\" content=\"Est. reading time\" \/>\n\t<meta name=\"twitter:data1\" content=\"2 minutes\" \/>\n<script type=\"application\/ld+json\" class=\"yoast-schema-graph\">{\"@context\":\"https:\\\/\\\/schema.org\",\"@graph\":[{\"@type\":\"WebPage\",\"@id\":\"https:\\\/\\\/gazerzekelo.rewaresoft.hu\\\/en\\\/about\\\/\",\"url\":\"https:\\\/\\\/gazerzekelo.rewaresoft.hu\\\/en\\\/about\\\/\",\"name\":\"About Us - G\u00e1z\u00e9rz\u00e9kel\u0151.hu\",\"isPartOf\":{\"@id\":\"https:\\\/\\\/gazerzekelo.hu\\\/#website\"},\"primaryImageOfPage\":{\"@id\":\"https:\\\/\\\/gazerzekelo.rewaresoft.hu\\\/en\\\/about\\\/#primaryimage\"},\"image\":{\"@id\":\"https:\\\/\\\/gazerzekelo.rewaresoft.hu\\\/en\\\/about\\\/#primaryimage\"},\"thumbnailUrl\":\"https:\\\/\\\/gazerzekelo.hu\\\/wp-content\\\/uploads\\\/garibaldi_opt_3.webp\",\"datePublished\":\"2025-02-05T14:02:32+00:00\",\"dateModified\":\"2025-03-07T13:06:07+00:00\",\"breadcrumb\":{\"@id\":\"https:\\\/\\\/gazerzekelo.rewaresoft.hu\\\/en\\\/about\\\/#breadcrumb\"},\"inLanguage\":\"en-US\",\"potentialAction\":[{\"@type\":\"ReadAction\",\"target\":[\"https:\\\/\\\/gazerzekelo.rewaresoft.hu\\\/en\\\/about\\\/\"]}]},{\"@type\":\"ImageObject\",\"inLanguage\":\"en-US\",\"@id\":\"https:\\\/\\\/gazerzekelo.rewaresoft.hu\\\/en\\\/about\\\/#primaryimage\",\"url\":\"https:\\\/\\\/gazerzekelo.hu\\\/wp-content\\\/uploads\\\/garibaldi_opt_3.webp\",\"contentUrl\":\"https:\\\/\\\/gazerzekelo.hu\\\/wp-content\\\/uploads\\\/garibaldi_opt_3.webp\",\"width\":1500,\"height\":648},{\"@type\":\"BreadcrumbList\",\"@id\":\"https:\\\/\\\/gazerzekelo.rewaresoft.hu\\\/en\\\/about\\\/#breadcrumb\",\"itemListElement\":[{\"@type\":\"ListItem\",\"position\":1,\"name\":\"Kezd\u0151lap\",\"item\":\"https:\\\/\\\/gazerzekelo.rewaresoft.hu\\\/en\\\/\"},{\"@type\":\"ListItem\",\"position\":2,\"name\":\"About Us\"}]},{\"@type\":\"WebSite\",\"@id\":\"https:\\\/\\\/gazerzekelo.hu\\\/#website\",\"url\":\"https:\\\/\\\/gazerzekelo.hu\\\/\",\"name\":\"G\u00e1z\u00e9rz\u00e9kel\u0151.hu\",\"description\":\"40 years of innovation for safety\",\"publisher\":{\"@id\":\"https:\\\/\\\/gazerzekelo.hu\\\/#organization\"},\"potentialAction\":[{\"@type\":\"SearchAction\",\"target\":{\"@type\":\"EntryPoint\",\"urlTemplate\":\"https:\\\/\\\/gazerzekelo.hu\\\/?s={search_term_string}\"},\"query-input\":{\"@type\":\"PropertyValueSpecification\",\"valueRequired\":true,\"valueName\":\"search_term_string\"}}],\"inLanguage\":\"en-US\"},{\"@type\":\"Organization\",\"@id\":\"https:\\\/\\\/gazerzekelo.hu\\\/#organization\",\"name\":\"M\u0171szer Automatika Kft.\",\"url\":\"https:\\\/\\\/gazerzekelo.hu\\\/\",\"logo\":{\"@type\":\"ImageObject\",\"inLanguage\":\"en-US\",\"@id\":\"https:\\\/\\\/gazerzekelo.hu\\\/#\\\/schema\\\/logo\\\/image\\\/\",\"url\":\"https:\\\/\\\/gazerzekelo.hu\\\/wp-content\\\/uploads\\\/favicon.png\",\"contentUrl\":\"https:\\\/\\\/gazerzekelo.hu\\\/wp-content\\\/uploads\\\/favicon.png\",\"width\":512,\"height\":512,\"caption\":\"M\u0171szer Automatika Kft.\"},\"image\":{\"@id\":\"https:\\\/\\\/gazerzekelo.hu\\\/#\\\/schema\\\/logo\\\/image\\\/\"},\"sameAs\":[\"https:\\\/\\\/www.facebook.com\\\/muszerautomatika\\\/?locale=hu_HU\"]}]}<\/script>\n<!-- \/ Yoast SEO plugin. -->","yoast_head_json":{"title":"About Us - G\u00e1z\u00e9rz\u00e9kel\u0151.hu","robots":{"index":"index","follow":"follow","max-snippet":"max-snippet:-1","max-image-preview":"max-image-preview:large","max-video-preview":"max-video-preview:-1"},"canonical":"https:\/\/gazerzekelo.rewaresoft.hu\/en\/about\/","og_locale":"en_US","og_type":"article","og_title":"About Us - G\u00e1z\u00e9rz\u00e9kel\u0151.hu","og_description":"M\u0171szer Automatika Ltd. has been developing, manufacturing, installing and servicing gas and solvent vapour detectors for more than 40 years. Our devices perform life and property protection tasks in enclosed and open spaces where the presence of explosive or harmful vapours and gases can cause explosion or poisoning hazards: Our gas detectors are capable of [&hellip;]","og_url":"https:\/\/gazerzekelo.rewaresoft.hu\/en\/about\/","og_site_name":"G\u00e1z\u00e9rz\u00e9kel\u0151.hu","article_publisher":"https:\/\/www.facebook.com\/muszerautomatika\/?locale=hu_HU","article_modified_time":"2025-03-07T13:06:07+00:00","og_image":[{"width":1500,"height":648,"url":"https:\/\/gazerzekelo.rewaresoft.hu\/wp-content\/uploads\/garibaldi_opt_3.webp","type":"image\/webp"}],"twitter_card":"summary_large_image","twitter_misc":{"Est. reading time":"2 minutes"},"schema":{"@context":"https:\/\/schema.org","@graph":[{"@type":"WebPage","@id":"https:\/\/gazerzekelo.rewaresoft.hu\/en\/about\/","url":"https:\/\/gazerzekelo.rewaresoft.hu\/en\/about\/","name":"About Us - G\u00e1z\u00e9rz\u00e9kel\u0151.hu","isPartOf":{"@id":"https:\/\/gazerzekelo.hu\/#website"},"primaryImageOfPage":{"@id":"https:\/\/gazerzekelo.rewaresoft.hu\/en\/about\/#primaryimage"},"image":{"@id":"https:\/\/gazerzekelo.rewaresoft.hu\/en\/about\/#primaryimage"},"thumbnailUrl":"https:\/\/gazerzekelo.hu\/wp-content\/uploads\/garibaldi_opt_3.webp","datePublished":"2025-02-05T14:02:32+00:00","dateModified":"2025-03-07T13:06:07+00:00","breadcrumb":{"@id":"https:\/\/gazerzekelo.rewaresoft.hu\/en\/about\/#breadcrumb"},"inLanguage":"en-US","potentialAction":[{"@type":"ReadAction","target":["https:\/\/gazerzekelo.rewaresoft.hu\/en\/about\/"]}]},{"@type":"ImageObject","inLanguage":"en-US","@id":"https:\/\/gazerzekelo.rewaresoft.hu\/en\/about\/#primaryimage","url":"https:\/\/gazerzekelo.hu\/wp-content\/uploads\/garibaldi_opt_3.webp","contentUrl":"https:\/\/gazerzekelo.hu\/wp-content\/uploads\/garibaldi_opt_3.webp","width":1500,"height":648},{"@type":"BreadcrumbList","@id":"https:\/\/gazerzekelo.rewaresoft.hu\/en\/about\/#breadcrumb","itemListElement":[{"@type":"ListItem","position":1,"name":"Kezd\u0151lap","item":"https:\/\/gazerzekelo.rewaresoft.hu\/en\/"},{"@type":"ListItem","position":2,"name":"About Us"}]},{"@type":"WebSite","@id":"https:\/\/gazerzekelo.hu\/#website","url":"https:\/\/gazerzekelo.hu\/","name":"G\u00e1z\u00e9rz\u00e9kel\u0151.hu","description":"40 years of innovation for safety","publisher":{"@id":"https:\/\/gazerzekelo.hu\/#organization"},"potentialAction":[{"@type":"SearchAction","target":{"@type":"EntryPoint","urlTemplate":"https:\/\/gazerzekelo.hu\/?s={search_term_string}"},"query-input":{"@type":"PropertyValueSpecification","valueRequired":true,"valueName":"search_term_string"}}],"inLanguage":"en-US"},{"@type":"Organization","@id":"https:\/\/gazerzekelo.hu\/#organization","name":"M\u0171szer Automatika Kft.","url":"https:\/\/gazerzekelo.hu\/","logo":{"@type":"ImageObject","inLanguage":"en-US","@id":"https:\/\/gazerzekelo.hu\/#\/schema\/logo\/image\/","url":"https:\/\/gazerzekelo.hu\/wp-content\/uploads\/favicon.png","contentUrl":"https:\/\/gazerzekelo.hu\/wp-content\/uploads\/favicon.png","width":512,"height":512,"caption":"M\u0171szer Automatika Kft."},"image":{"@id":"https:\/\/gazerzekelo.hu\/#\/schema\/logo\/image\/"},"sameAs":["https:\/\/www.facebook.com\/muszerautomatika\/?locale=hu_HU"]}]}},"_links":{"self":[{"href":"https:\/\/gazerzekelo.hu\/en\/wp-json\/wp\/v2\/pages\/29","targetHints":{"allow":["GET"]}}],"collection":[{"href":"https:\/\/gazerzekelo.hu\/en\/wp-json\/wp\/v2\/pages"}],"about":[{"href":"https:\/\/gazerzekelo.hu\/en\/wp-json\/wp\/v2\/types\/page"}],"author":[{"embeddable":true,"href":"https:\/\/gazerzekelo.hu\/en\/wp-json\/wp\/v2\/users\/1"}],"replies":[{"embeddable":true,"href":"https:\/\/gazerzekelo.hu\/en\/wp-json\/wp\/v2\/comments?post=29"}],"version-history":[{"count":5,"href":"https:\/\/gazerzekelo.hu\/en\/wp-json\/wp\/v2\/pages\/29\/revisions"}],"predecessor-version":[{"id":591,"href":"https:\/\/gazerzekelo.hu\/en\/wp-json\/wp\/v2\/pages\/29\/revisions\/591"}],"wp:featuredmedia":[{"embeddable":true,"href":"https:\/\/gazerzekelo.hu\/en\/wp-json\/wp\/v2\/media\/278"}],"wp:attachment":[{"href":"https:\/\/gazerzekelo.hu\/en\/wp-json\/wp\/v2\/media?parent=29"}],"curies":[{"name":"wp","href":"https:\/\/api.w.org\/{rel}","templated":true}]}}